{"id":900,"date":"2021-11-20T17:12:00","date_gmt":"2021-11-20T16:12:00","guid":{"rendered":"http:\/\/dorotawp.bplaced.net\/?page_id=900"},"modified":"2025-07-31T22:54:45","modified_gmt":"2025-07-31T20:54:45","slug":"sanierung-umbau","status":"publish","type":"page","link":"https:\/\/architektweselmann.de\/?page_id=900","title":{"rendered":"Sanierung\/Umbau"},"content":{"rendered":"\n<p class=\"has-text-color has-medium-font-size\" style=\"color:#272525\">Sie k\u00f6nnen uns gerne auch mit Anbauten und Austockungen von Ein- und Mehrfamilienh\u00e4user, W\u00e4rmeschutzsanierungen und Sanierungen innen und au\u00dfen beauftragen.  <\/p>\n\n\n\n<p class=\"has-text-color has-medium-font-size\" style=\"color:#1b532c\"><strong>Reetdachhaus L\u00fcneburger Heide 2016<\/strong><\/p>\n\n\n\n<p><\/p>\n\n\n\n<div class=\"wp-block-group\"><div class=\"wp-block-group__inner-container is-layout-flow wp-block-group-is-layout-flow\">\n<div class=\"alignnormal\"><div id=\"metaslider-id-804\" style=\"max-width: 700px;\" class=\"ml-slider-3-23-3 metaslider metaslider-responsive metaslider-804 ml-slider\">\n    <div id=\"metaslider_container_804\">\n        <ul id='metaslider_804' class='rslides'>\n            <li><img loading=\"lazy\" decoding=\"async\" width=\"2560\" height=\"1440\" src=\"https:\/\/architektweselmann.de\/wp-content\/uploads\/2025\/07\/DSCN19141-scaled.jpg\" class=\"slider-804 slide-814\" alt=\"\" rel=\"\" title=\"DSCN1914(1)\" srcset=\"https:\/\/architektweselmann.de\/wp-content\/uploads\/2025\/07\/DSCN19141-scaled.jpg 2560w, https:\/\/architektweselmann.de\/wp-content\/uploads\/2025\/07\/DSCN19141-300x169.jpg 300w, https:\/\/architektweselmann.de\/wp-content\/uploads\/2025\/07\/DSCN19141-1024x576.jpg 1024w, https:\/\/architektweselmann.de\/wp-content\/uploads\/2025\/07\/DSCN19141-768x432.jpg 768w, https:\/\/architektweselmann.de\/wp-content\/uploads\/2025\/07\/DSCN19141-1536x864.jpg 1536w, https:\/\/architektweselmann.de\/wp-content\/uploads\/2025\/07\/DSCN19141-2048x1152.jpg 2048w, https:\/\/architektweselmann.de\/wp-content\/uploads\/2025\/07\/DSCN19141-150x84.jpg 150w\" sizes=\"auto, (max-width: 2560px) 100vw, 2560px\" \/><\/li>\n            <li style='display: none;'><img loading=\"lazy\" decoding=\"async\" width=\"2560\" height=\"1440\" src=\"https:\/\/architektweselmann.de\/wp-content\/uploads\/2021\/11\/DSCN1917-scaled.jpg\" class=\"slider-804 slide-806\" alt=\"\" rel=\"\" title=\"DSCN1917\" srcset=\"https:\/\/architektweselmann.de\/wp-content\/uploads\/2021\/11\/DSCN1917-scaled.jpg 2560w, https:\/\/architektweselmann.de\/wp-content\/uploads\/2021\/11\/DSCN1917-300x169.jpg 300w, https:\/\/architektweselmann.de\/wp-content\/uploads\/2021\/11\/DSCN1917-1024x576.jpg 1024w, https:\/\/architektweselmann.de\/wp-content\/uploads\/2021\/11\/DSCN1917-768x432.jpg 768w, https:\/\/architektweselmann.de\/wp-content\/uploads\/2021\/11\/DSCN1917-1536x864.jpg 1536w, https:\/\/architektweselmann.de\/wp-content\/uploads\/2021\/11\/DSCN1917-2048x1152.jpg 2048w, https:\/\/architektweselmann.de\/wp-content\/uploads\/2021\/11\/DSCN1917-150x84.jpg 150w\" sizes=\"auto, (max-width: 2560px) 100vw, 2560px\" \/><\/li>\n            <li style='display: none;'><img loading=\"lazy\" decoding=\"async\" width=\"2560\" height=\"1440\" src=\"https:\/\/architektweselmann.de\/wp-content\/uploads\/2021\/11\/DSCN1916-scaled.jpg\" class=\"slider-804 slide-807\" alt=\"\" rel=\"\" title=\"DSCN1916\" srcset=\"https:\/\/architektweselmann.de\/wp-content\/uploads\/2021\/11\/DSCN1916-scaled.jpg 2560w, https:\/\/architektweselmann.de\/wp-content\/uploads\/2021\/11\/DSCN1916-300x169.jpg 300w, https:\/\/architektweselmann.de\/wp-content\/uploads\/2021\/11\/DSCN1916-1024x576.jpg 1024w, https:\/\/architektweselmann.de\/wp-content\/uploads\/2021\/11\/DSCN1916-768x432.jpg 768w, https:\/\/architektweselmann.de\/wp-content\/uploads\/2021\/11\/DSCN1916-1536x864.jpg 1536w, https:\/\/architektweselmann.de\/wp-content\/uploads\/2021\/11\/DSCN1916-2048x1152.jpg 2048w, https:\/\/architektweselmann.de\/wp-content\/uploads\/2021\/11\/DSCN1916-150x84.jpg 150w\" sizes=\"auto, (max-width: 2560px) 100vw, 2560px\" \/><\/li>\n            <li style='display: none;'><img loading=\"lazy\" decoding=\"async\" width=\"2560\" height=\"1440\" src=\"https:\/\/architektweselmann.de\/wp-content\/uploads\/2021\/11\/DSCN1915-scaled.jpg\" class=\"slider-804 slide-808\" alt=\"\" rel=\"\" title=\"DSCN1915\" srcset=\"https:\/\/architektweselmann.de\/wp-content\/uploads\/2021\/11\/DSCN1915-scaled.jpg 2560w, https:\/\/architektweselmann.de\/wp-content\/uploads\/2021\/11\/DSCN1915-300x169.jpg 300w, https:\/\/architektweselmann.de\/wp-content\/uploads\/2021\/11\/DSCN1915-1024x576.jpg 1024w, https:\/\/architektweselmann.de\/wp-content\/uploads\/2021\/11\/DSCN1915-768x432.jpg 768w, https:\/\/architektweselmann.de\/wp-content\/uploads\/2021\/11\/DSCN1915-1536x864.jpg 1536w, https:\/\/architektweselmann.de\/wp-content\/uploads\/2021\/11\/DSCN1915-2048x1152.jpg 2048w, https:\/\/architektweselmann.de\/wp-content\/uploads\/2021\/11\/DSCN1915-150x84.jpg 150w\" sizes=\"auto, (max-width: 2560px) 100vw, 2560px\" \/><\/li>\n            <li style='display: none;'><img loading=\"lazy\" decoding=\"async\" width=\"2560\" height=\"1440\" src=\"https:\/\/architektweselmann.de\/wp-content\/uploads\/2021\/11\/DSCN1923-scaled.jpg\" class=\"slider-804 slide-805\" alt=\"\" rel=\"\" title=\"DSCN1923\" srcset=\"https:\/\/architektweselmann.de\/wp-content\/uploads\/2021\/11\/DSCN1923-scaled.jpg 2560w, https:\/\/architektweselmann.de\/wp-content\/uploads\/2021\/11\/DSCN1923-300x169.jpg 300w, https:\/\/architektweselmann.de\/wp-content\/uploads\/2021\/11\/DSCN1923-1024x576.jpg 1024w, https:\/\/architektweselmann.de\/wp-content\/uploads\/2021\/11\/DSCN1923-768x432.jpg 768w, https:\/\/architektweselmann.de\/wp-content\/uploads\/2021\/11\/DSCN1923-1536x864.jpg 1536w, https:\/\/architektweselmann.de\/wp-content\/uploads\/2021\/11\/DSCN1923-2048x1152.jpg 2048w, https:\/\/architektweselmann.de\/wp-content\/uploads\/2021\/11\/DSCN1923-150x84.jpg 150w\" sizes=\"auto, (max-width: 2560px) 100vw, 2560px\" \/><\/li>\n            <li style='display: none;'><img loading=\"lazy\" decoding=\"async\" width=\"2560\" height=\"1440\" src=\"https:\/\/architektweselmann.de\/wp-content\/uploads\/2025\/07\/DSCN1912-scaled.jpg\" class=\"slider-804 slide-813\" alt=\"\" rel=\"\" title=\"DSCN1912\" srcset=\"https:\/\/architektweselmann.de\/wp-content\/uploads\/2025\/07\/DSCN1912-scaled.jpg 2560w, https:\/\/architektweselmann.de\/wp-content\/uploads\/2025\/07\/DSCN1912-300x169.jpg 300w, https:\/\/architektweselmann.de\/wp-content\/uploads\/2025\/07\/DSCN1912-1024x576.jpg 1024w, https:\/\/architektweselmann.de\/wp-content\/uploads\/2025\/07\/DSCN1912-768x432.jpg 768w, https:\/\/architektweselmann.de\/wp-content\/uploads\/2025\/07\/DSCN1912-1536x864.jpg 1536w, https:\/\/architektweselmann.de\/wp-content\/uploads\/2025\/07\/DSCN1912-2048x1152.jpg 2048w, https:\/\/architektweselmann.de\/wp-content\/uploads\/2025\/07\/DSCN1912-150x84.jpg 150w\" sizes=\"auto, (max-width: 2560px) 100vw, 2560px\" \/><\/li>\n            <li style='display: none;'><img loading=\"lazy\" decoding=\"async\" width=\"2560\" height=\"1440\" src=\"https:\/\/architektweselmann.de\/wp-content\/uploads\/2025\/07\/DSCN1913-scaled.jpg\" class=\"slider-804 slide-817\" alt=\"\" rel=\"\" title=\"DSCN1913\" srcset=\"https:\/\/architektweselmann.de\/wp-content\/uploads\/2025\/07\/DSCN1913-scaled.jpg 2560w, https:\/\/architektweselmann.de\/wp-content\/uploads\/2025\/07\/DSCN1913-300x169.jpg 300w, https:\/\/architektweselmann.de\/wp-content\/uploads\/2025\/07\/DSCN1913-1024x576.jpg 1024w, https:\/\/architektweselmann.de\/wp-content\/uploads\/2025\/07\/DSCN1913-768x432.jpg 768w, https:\/\/architektweselmann.de\/wp-content\/uploads\/2025\/07\/DSCN1913-1536x864.jpg 1536w, https:\/\/architektweselmann.de\/wp-content\/uploads\/2025\/07\/DSCN1913-2048x1152.jpg 2048w, https:\/\/architektweselmann.de\/wp-content\/uploads\/2025\/07\/DSCN1913-150x84.jpg 150w\" sizes=\"auto, (max-width: 2560px) 100vw, 2560px\" \/><\/li>\n        <\/ul>\n        \n    <\/div>\n<\/div><\/div>\n<\/div><\/div>\n\n\n\n<p class=\"has-text-color has-medium-font-size\" style=\"color:#1b532c\"><strong>Doppelcarport Aufstockung Holtorfsloh 2006<\/strong><\/p>\n\n\n\n<div class=\"alignnormal\"><div id=\"metaslider-id-961\" style=\"max-width: 700px;\" class=\"ml-slider-3-23-3 metaslider metaslider-responsive metaslider-961 ml-slider\">\n    <div id=\"metaslider_container_961\">\n        <ul id='metaslider_961' class='rslides'>\n            <li><img loading=\"lazy\" decoding=\"async\" width=\"2560\" height=\"1920\" src=\"https:\/\/architektweselmann.de\/wp-content\/uploads\/2021\/11\/CIMG0380-scaled.jpg\" class=\"slider-961 slide-962\" alt=\"\" rel=\"\" title=\"CIMG0380\" srcset=\"https:\/\/architektweselmann.de\/wp-content\/uploads\/2021\/11\/CIMG0380-scaled.jpg 2560w, https:\/\/architektweselmann.de\/wp-content\/uploads\/2021\/11\/CIMG0380-300x225.jpg 300w, https:\/\/architektweselmann.de\/wp-content\/uploads\/2021\/11\/CIMG0380-1024x768.jpg 1024w, https:\/\/architektweselmann.de\/wp-content\/uploads\/2021\/11\/CIMG0380-768x576.jpg 768w, https:\/\/architektweselmann.de\/wp-content\/uploads\/2021\/11\/CIMG0380-1536x1152.jpg 1536w, https:\/\/architektweselmann.de\/wp-content\/uploads\/2021\/11\/CIMG0380-2048x1536.jpg 2048w, https:\/\/architektweselmann.de\/wp-content\/uploads\/2021\/11\/CIMG0380-150x113.jpg 150w\" sizes=\"auto, (max-width: 2560px) 100vw, 2560px\" \/><\/li>\n            <li style='display: none;'><img loading=\"lazy\" decoding=\"async\" width=\"1920\" height=\"2560\" src=\"https:\/\/architektweselmann.de\/wp-content\/uploads\/2021\/11\/CIMG0381-scaled.jpg\" class=\"slider-961 slide-963\" alt=\"\" rel=\"\" title=\"CIMG0381\" srcset=\"https:\/\/architektweselmann.de\/wp-content\/uploads\/2021\/11\/CIMG0381-scaled.jpg 1920w, https:\/\/architektweselmann.de\/wp-content\/uploads\/2021\/11\/CIMG0381-225x300.jpg 225w, https:\/\/architektweselmann.de\/wp-content\/uploads\/2021\/11\/CIMG0381-768x1024.jpg 768w, https:\/\/architektweselmann.de\/wp-content\/uploads\/2021\/11\/CIMG0381-1152x1536.jpg 1152w, https:\/\/architektweselmann.de\/wp-content\/uploads\/2021\/11\/CIMG0381-1536x2048.jpg 1536w, https:\/\/architektweselmann.de\/wp-content\/uploads\/2021\/11\/CIMG0381-113x150.jpg 113w\" sizes=\"auto, (max-width: 1920px) 100vw, 1920px\" \/><\/li>\n        <\/ul>\n        \n    <\/div>\n<\/div><\/div>\n\n\n\n<p class=\"has-text-color has-medium-font-size\" style=\"color:#1b532c\"><strong>Umbau Regestbostel <\/strong><\/p>\n\n\n\n<div class=\"alignnormal\"><div id=\"metaslider-id-1128\" style=\"max-width: 700px;\" class=\"ml-slider-3-23-3 metaslider metaslider-responsive metaslider-1128 ml-slider\">\n    <div id=\"metaslider_container_1128\">\n        <ul id='metaslider_1128' class='rslides'>\n            <li><img loading=\"lazy\" decoding=\"async\" width=\"2560\" height=\"1885\" src=\"https:\/\/architektweselmann.de\/wp-content\/uploads\/2021\/11\/CIMG2347-scaled.jpg\" class=\"slider-1128 slide-1132\" alt=\"\" rel=\"\" title=\"CIMG2347\" srcset=\"https:\/\/architektweselmann.de\/wp-content\/uploads\/2021\/11\/CIMG2347-scaled.jpg 2560w, https:\/\/architektweselmann.de\/wp-content\/uploads\/2021\/11\/CIMG2347-300x221.jpg 300w, https:\/\/architektweselmann.de\/wp-content\/uploads\/2021\/11\/CIMG2347-1024x754.jpg 1024w, https:\/\/architektweselmann.de\/wp-content\/uploads\/2021\/11\/CIMG2347-768x565.jpg 768w, https:\/\/architektweselmann.de\/wp-content\/uploads\/2021\/11\/CIMG2347-1536x1131.jpg 1536w, https:\/\/architektweselmann.de\/wp-content\/uploads\/2021\/11\/CIMG2347-2048x1508.jpg 2048w, https:\/\/architektweselmann.de\/wp-content\/uploads\/2021\/11\/CIMG2347-150x110.jpg 150w\" sizes=\"auto, (max-width: 2560px) 100vw, 2560px\" \/><\/li>\n            <li style='display: none;'><img loading=\"lazy\" decoding=\"async\" width=\"2521\" height=\"1830\" src=\"https:\/\/architektweselmann.de\/wp-content\/uploads\/2021\/11\/CIMG2349.jpg\" class=\"slider-1128 slide-1133\" alt=\"\" rel=\"\" title=\"CIMG2349\" srcset=\"https:\/\/architektweselmann.de\/wp-content\/uploads\/2021\/11\/CIMG2349.jpg 2521w, https:\/\/architektweselmann.de\/wp-content\/uploads\/2021\/11\/CIMG2349-300x218.jpg 300w, https:\/\/architektweselmann.de\/wp-content\/uploads\/2021\/11\/CIMG2349-1024x743.jpg 1024w, https:\/\/architektweselmann.de\/wp-content\/uploads\/2021\/11\/CIMG2349-768x557.jpg 768w, https:\/\/architektweselmann.de\/wp-content\/uploads\/2021\/11\/CIMG2349-1536x1115.jpg 1536w, https:\/\/architektweselmann.de\/wp-content\/uploads\/2021\/11\/CIMG2349-2048x1487.jpg 2048w, https:\/\/architektweselmann.de\/wp-content\/uploads\/2021\/11\/CIMG2349-150x109.jpg 150w\" sizes=\"auto, (max-width: 2521px) 100vw, 2521px\" \/><\/li>\n            <li style='display: none;'><img loading=\"lazy\" decoding=\"async\" width=\"2560\" height=\"1729\" src=\"https:\/\/architektweselmann.de\/wp-content\/uploads\/2021\/11\/CIMG2350-scaled.jpg\" class=\"slider-1128 slide-1134\" alt=\"\" rel=\"\" title=\"CIMG2350\" srcset=\"https:\/\/architektweselmann.de\/wp-content\/uploads\/2021\/11\/CIMG2350-scaled.jpg 2560w, https:\/\/architektweselmann.de\/wp-content\/uploads\/2021\/11\/CIMG2350-300x203.jpg 300w, https:\/\/architektweselmann.de\/wp-content\/uploads\/2021\/11\/CIMG2350-1024x692.jpg 1024w, https:\/\/architektweselmann.de\/wp-content\/uploads\/2021\/11\/CIMG2350-768x519.jpg 768w, https:\/\/architektweselmann.de\/wp-content\/uploads\/2021\/11\/CIMG2350-1536x1037.jpg 1536w, https:\/\/architektweselmann.de\/wp-content\/uploads\/2021\/11\/CIMG2350-2048x1383.jpg 2048w, https:\/\/architektweselmann.de\/wp-content\/uploads\/2021\/11\/CIMG2350-150x101.jpg 150w\" sizes=\"auto, (max-width: 2560px) 100vw, 2560px\" \/><\/li>\n        <\/ul>\n        \n    <\/div>\n<\/div><\/div>\n\n\n\n<p><\/p>\n","protected":false},"excerpt":{"rendered":"<p>Sie k\u00f6nnen uns gerne auch mit Anbauten und Austockungen von Ein- und Mehrfamilienh\u00e4user, W\u00e4rmeschutzsanierungen und Sanierungen innen und au\u00dfen beauftragen. Reetdachhaus L\u00fcneburger Heide 2016 Doppelcarport Aufstockung Holtorfsloh 2006 Umbau Regestbostel<\/p>\n<p> <a class=\"continue-reading-link\" href=\"https:\/\/architektweselmann.de\/?page_id=900\"><span>Continue reading<\/span><i class=\"crycon-right-dir\"><\/i><\/a> <\/p>\n","protected":false},"author":1,"featured_media":0,"parent":0,"menu_order":0,"comment_status":"closed","ping_status":"closed","template":"","meta":{"footnotes":""},"class_list":["post-900","page","type-page","status-publish","hentry"],"_links":{"self":[{"href":"https:\/\/architektweselmann.de\/index.php?rest_route=\/wp\/v2\/pages\/900","targetHints":{"allow":["GET"]}}],"collection":[{"href":"https:\/\/architektweselmann.de\/index.php?rest_route=\/wp\/v2\/pages"}],"about":[{"href":"https:\/\/architektweselmann.de\/index.php?rest_route=\/wp\/v2\/types\/page"}],"author":[{"embeddable":true,"href":"https:\/\/architektweselmann.de\/index.php?rest_route=\/wp\/v2\/users\/1"}],"replies":[{"embeddable":true,"href":"https:\/\/architektweselmann.de\/index.php?rest_route=%2Fwp%2Fv2%2Fcomments&post=900"}],"version-history":[{"count":6,"href":"https:\/\/architektweselmann.de\/index.php?rest_route=\/wp\/v2\/pages\/900\/revisions"}],"predecessor-version":[{"id":1766,"href":"https:\/\/architektweselmann.de\/index.php?rest_route=\/wp\/v2\/pages\/900\/revisions\/1766"}],"wp:attachment":[{"href":"https:\/\/architektweselmann.de\/index.php?rest_route=%2Fwp%2Fv2%2Fmedia&parent=900"}],"curies":[{"name":"wp","href":"https:\/\/api.w.org\/{rel}","templated":true}]}}