{"id":878,"date":"2021-11-20T15:56:36","date_gmt":"2021-11-20T14:56:36","guid":{"rendered":"http:\/\/dorotawp.bplaced.net\/?page_id=878"},"modified":"2021-12-06T23:16:36","modified_gmt":"2021-12-06T22:16:36","slug":"privater-bau-2","status":"publish","type":"page","link":"https:\/\/architektweselmann.de\/?page_id=878","title":{"rendered":"Privater Bau"},"content":{"rendered":"\n<blockquote class=\"wp-block-quote is-style-default is-layout-flow wp-block-quote-is-layout-flow\"><p><strong>Ein Haus mit Charakter hat gute Chancen, mit zunehmendem Alter wertvoller zu werden &#8230; Geb\u00e4ude wie Menschen m\u00fcssen zuerst aufrichtig sein, m\u00fcssen wahr sein &#8230;<\/strong><\/p><cite><strong>Frank Lloyd Wright: <em>In der Sache der Architektur I<\/em> &nbsp; (1908)<\/strong> <\/cite><\/blockquote>\n\n\n\n<div class=\"wp-block-media-text alignwide is-stacked-on-mobile has-background\" style=\"background-color:#9bc6b9\"><figure class=\"wp-block-media-text__media\"><img loading=\"lazy\" decoding=\"async\" width=\"1024\" height=\"536\" src=\"http:\/\/architekt.weselmann.bplaced.net\/wp-content\/uploads\/2021\/11\/hands-g86140b4a9_1920-1024x536.jpg\" alt=\"\" class=\"wp-image-1202 size-full\" srcset=\"https:\/\/architektweselmann.de\/wp-content\/uploads\/2021\/11\/hands-g86140b4a9_1920-1024x536.jpg 1024w, https:\/\/architektweselmann.de\/wp-content\/uploads\/2021\/11\/hands-g86140b4a9_1920-300x157.jpg 300w, https:\/\/architektweselmann.de\/wp-content\/uploads\/2021\/11\/hands-g86140b4a9_1920-768x402.jpg 768w, https:\/\/architektweselmann.de\/wp-content\/uploads\/2021\/11\/hands-g86140b4a9_1920-1536x804.jpg 1536w, https:\/\/architektweselmann.de\/wp-content\/uploads\/2021\/11\/hands-g86140b4a9_1920-150x79.jpg 150w, https:\/\/architektweselmann.de\/wp-content\/uploads\/2021\/11\/hands-g86140b4a9_1920.jpg 1920w\" sizes=\"auto, (max-width: 1024px) 100vw, 1024px\" \/><\/figure><div class=\"wp-block-media-text__content\">\n<p class=\"has-text-color has-background has-normal-font-size\" style=\"background-color:#9bc6b9;color:#272525\"><em><strong>Gemeinsam k\u00f6nnen wir es schaffen, Ihrem neuen Haus einen Charakter zu verleihen und es f\u00fcr Sie kontinuierlich wertvoller werden zu lassen. <\/strong><\/em><\/p>\n<\/div><\/div>\n\n\n\n<p><\/p>\n\n\n\n<p><\/p>\n\n\n\n<p class=\"has-text-color has-normal-font-size\" style=\"color:#272525\"><strong>Trotz der steigenden Grundst\u00fccks- und Hausbaukosten wollen wir mit Ihnen kostensichere Bauvorhaben realisieren. Dabei spezialisieren wir uns in verschiedenen Bereichen. Zu den realisierten Projekten geh\u00f6ren Neubau von Ein- und Mehrfamilienh\u00e4usern, An-, Aus- und Umbauten, Sanierungen innen und au\u00dfen und W\u00e4rmeschutzsanierungen. Anbei finden Sie eine kleine Auswahl von den wichtigsten Projekten.  <\/strong><\/p>\n\n\n\n<p><\/p>\n","protected":false},"excerpt":{"rendered":"<p>Ein Haus mit Charakter hat gute Chancen, mit zunehmendem Alter wertvoller zu werden &#8230; Geb\u00e4ude wie Menschen m\u00fcssen zuerst aufrichtig sein, m\u00fcssen wahr sein &#8230; Frank Lloyd Wright: In der Sache der Architektur I &nbsp; (1908) Gemeinsam k\u00f6nnen wir es schaffen, Ihrem neuen Haus einen Charakter zu verleihen und es&#8230;<\/p>\n<p> <a class=\"continue-reading-link\" href=\"https:\/\/architektweselmann.de\/?page_id=878\"><span>Continue reading<\/span><i class=\"crycon-right-dir\"><\/i><\/a> <\/p>\n","protected":false},"author":1,"featured_media":0,"parent":0,"menu_order":0,"comment_status":"closed","ping_status":"closed","template":"","meta":{"footnotes":""},"class_list":["post-878","page","type-page","status-publish","hentry"],"_links":{"self":[{"href":"https:\/\/architektweselmann.de\/index.php?rest_route=\/wp\/v2\/pages\/878","targetHints":{"allow":["GET"]}}],"collection":[{"href":"https:\/\/architektweselmann.de\/index.php?rest_route=\/wp\/v2\/pages"}],"about":[{"href":"https:\/\/architektweselmann.de\/index.php?rest_route=\/wp\/v2\/types\/page"}],"author":[{"embeddable":true,"href":"https:\/\/architektweselmann.de\/index.php?rest_route=\/wp\/v2\/users\/1"}],"replies":[{"embeddable":true,"href":"https:\/\/architektweselmann.de\/index.php?rest_route=%2Fwp%2Fv2%2Fcomments&post=878"}],"version-history":[{"count":20,"href":"https:\/\/architektweselmann.de\/index.php?rest_route=\/wp\/v2\/pages\/878\/revisions"}],"predecessor-version":[{"id":1706,"href":"https:\/\/architektweselmann.de\/index.php?rest_route=\/wp\/v2\/pages\/878\/revisions\/1706"}],"wp:attachment":[{"href":"https:\/\/architektweselmann.de\/index.php?rest_route=%2Fwp%2Fv2%2Fmedia&parent=878"}],"curies":[{"name":"wp","href":"https:\/\/api.w.org\/{rel}","templated":true}]}}