{"id":423,"date":"2021-11-10T20:28:37","date_gmt":"2021-11-10T19:28:37","guid":{"rendered":"http:\/\/dorotawp.bplaced.net\/?page_id=423"},"modified":"2021-12-06T14:58:48","modified_gmt":"2021-12-06T13:58:48","slug":"arbeitsweise","status":"publish","type":"page","link":"https:\/\/architektweselmann.de\/?page_id=423","title":{"rendered":"Arbeitsweise"},"content":{"rendered":"\n<h1 class=\"has-text-color has-medium-font-size wp-block-heading\" style=\"color:#1b532c\"><\/h1>\n\n\n\n<div class=\"wp-block-media-text alignwide is-stacked-on-mobile has-background\" style=\"background-color:#9bc6b9;grid-template-columns:58% auto\"><figure class=\"wp-block-media-text__media\"><img loading=\"lazy\" decoding=\"async\" width=\"1024\" height=\"709\" src=\"http:\/\/dorotawp.bplaced.net\/wp-content\/uploads\/2021\/11\/girlfriends-ga9a4f8ba7_1920-1024x709.jpg\" alt=\"\" class=\"wp-image-1026 size-full\" srcset=\"https:\/\/architektweselmann.de\/wp-content\/uploads\/2021\/11\/girlfriends-ga9a4f8ba7_1920-1024x709.jpg 1024w, https:\/\/architektweselmann.de\/wp-content\/uploads\/2021\/11\/girlfriends-ga9a4f8ba7_1920-300x208.jpg 300w, https:\/\/architektweselmann.de\/wp-content\/uploads\/2021\/11\/girlfriends-ga9a4f8ba7_1920-768x532.jpg 768w, https:\/\/architektweselmann.de\/wp-content\/uploads\/2021\/11\/girlfriends-ga9a4f8ba7_1920-1536x1064.jpg 1536w, https:\/\/architektweselmann.de\/wp-content\/uploads\/2021\/11\/girlfriends-ga9a4f8ba7_1920-150x104.jpg 150w, https:\/\/architektweselmann.de\/wp-content\/uploads\/2021\/11\/girlfriends-ga9a4f8ba7_1920.jpg 1920w\" sizes=\"auto, (max-width: 1024px) 100vw, 1024px\" \/><\/figure><div class=\"wp-block-media-text__content\">\n<p class=\"has-text-align-center has-black-color has-text-color has-large-font-size\"><em>Sie sind der Mittelpunkt<\/em><\/p>\n<\/div><\/div>\n\n\n\n<div class=\"wp-block-group\"><div class=\"wp-block-group__inner-container is-layout-flow wp-block-group-is-layout-flow\">\n<p><\/p>\n<\/div><\/div>\n\n\n\n<ul class=\"has-text-color wp-block-list\" style=\"color:#272525\"><li>Wir sind Ihr Ansprechpartner in allen Leistungsphasen der Architektur.<\/li><li>Sie werden von uns \u00fcber alle relevanten und aktuellen Informationen \u00fcber das Projekt in regelm\u00e4\u00dfigen Abst\u00e4nden in Kenntnis gesetzt.<\/li><li>Tranparente und vertrauensvolle Kommunikationskultur ist unser oberstes Gebot. <\/li><li>Der Mensch mit seinen individuellen Bed\u00fcrfnissen steht in unserem Fokus. Durch einen respektvollen Umgang untereinander und gegen\u00fcber dem Kunden entsteht ein ausgewogenes und wertsch\u00e4tzendes Gef\u00fchl, wodurch die Effizienz im Bauvorhaben gesteigert wird.  <\/li><\/ul>\n","protected":false},"excerpt":{"rendered":"<p>Sie sind der Mittelpunkt Wir sind Ihr Ansprechpartner in allen Leistungsphasen der Architektur. Sie werden von uns \u00fcber alle relevanten und aktuellen Informationen \u00fcber das Projekt in regelm\u00e4\u00dfigen Abst\u00e4nden in Kenntnis gesetzt. Tranparente und vertrauensvolle Kommunikationskultur ist unser oberstes Gebot. Der Mensch mit seinen individuellen Bed\u00fcrfnissen steht in unserem Fokus&#8230;.<\/p>\n<p> <a class=\"continue-reading-link\" href=\"https:\/\/architektweselmann.de\/?page_id=423\"><span>Continue reading<\/span><i class=\"crycon-right-dir\"><\/i><\/a> <\/p>\n","protected":false},"author":1,"featured_media":0,"parent":0,"menu_order":0,"comment_status":"closed","ping_status":"closed","template":"","meta":{"footnotes":""},"class_list":["post-423","page","type-page","status-publish","hentry"],"_links":{"self":[{"href":"https:\/\/architektweselmann.de\/index.php?rest_route=\/wp\/v2\/pages\/423","targetHints":{"allow":["GET"]}}],"collection":[{"href":"https:\/\/architektweselmann.de\/index.php?rest_route=\/wp\/v2\/pages"}],"about":[{"href":"https:\/\/architektweselmann.de\/index.php?rest_route=\/wp\/v2\/types\/page"}],"author":[{"embeddable":true,"href":"https:\/\/architektweselmann.de\/index.php?rest_route=\/wp\/v2\/users\/1"}],"replies":[{"embeddable":true,"href":"https:\/\/architektweselmann.de\/index.php?rest_route=%2Fwp%2Fv2%2Fcomments&post=423"}],"version-history":[{"count":17,"href":"https:\/\/architektweselmann.de\/index.php?rest_route=\/wp\/v2\/pages\/423\/revisions"}],"predecessor-version":[{"id":1644,"href":"https:\/\/architektweselmann.de\/index.php?rest_route=\/wp\/v2\/pages\/423\/revisions\/1644"}],"wp:attachment":[{"href":"https:\/\/architektweselmann.de\/index.php?rest_route=%2Fwp%2Fv2%2Fmedia&parent=423"}],"curies":[{"name":"wp","href":"https:\/\/api.w.org\/{rel}","templated":true}]}}