{"id":408,"date":"2021-11-07T18:39:28","date_gmt":"2021-11-07T17:39:28","guid":{"rendered":"http:\/\/dorotawp.bplaced.net\/?page_id=408"},"modified":"2021-12-07T21:11:45","modified_gmt":"2021-12-07T20:11:45","slug":"einzelloesungen","status":"publish","type":"page","link":"https:\/\/architektweselmann.de\/?page_id=408","title":{"rendered":"Einzell\u00f6sungen"},"content":{"rendered":"\n<p class=\"has-text-color has-background\" style=\"background-color:#e3c77a;color:#272525\">Carports, Dachausbauten, Flachdachaufstockungen oder nachtr\u00e4glicher Einbau von Dachgauben geh\u00f6ren ebenso zu unseren Leistungen.<br><br><strong>Sie m\u00f6chten Ihrem Geb\u00e4ude einen reizvollen Akzent hinzuf\u00fcgen?<\/strong><br>Gerade beim nachtr\u00e4glichen Einbau einer Gaube soll es schnell gehen &#8211; egal zu welcher Jahreszeit. Und das geht nur, wenn Zimmerer-, Dachdecker- und Innenausbauarbeiten Hand in Hand laufen. Wir \u00fcbernehmen diese Organisation gerne f\u00fcr Sie: ein Angebot, ein Ansprechpartner.<br><br><strong>Sie wollen sich oder Ihr Auto vor Wind und Wetter sch\u00fctzen?<br><\/strong>Sie w\u00fcnschen eine L\u00f6sung, die sich sehen lassen kann und die h\u00e4lt, was sie verspricht? Bei der Planung Ihrer Garage oder Ihres Carports, der \u00dcberdachung Ihres Eingangsbereiches, der Terrasse oder Ihrer Kellertreppe, beraten wir Sie individuell und ber\u00fccksichtigen Ihren pers\u00f6nlichen Bedarf und Ihre M\u00f6glichkeiten.<\/p>\n\n\n\n<p class=\"has-text-color has-background\" style=\"background-color:#e3c77a;color:#272525\">&#8230;sprechen Sie uns an, ganz nach dem Motto: <strong>\u201eFragen kostet nichts!\u201c<\/strong><\/p>\n","protected":false},"excerpt":{"rendered":"<p>Carports, Dachausbauten, Flachdachaufstockungen oder nachtr\u00e4glicher Einbau von Dachgauben geh\u00f6ren ebenso zu unseren Leistungen. Sie m\u00f6chten Ihrem Geb\u00e4ude einen reizvollen Akzent hinzuf\u00fcgen?Gerade beim nachtr\u00e4glichen Einbau einer Gaube soll es schnell gehen &#8211; egal zu welcher Jahreszeit. Und das geht nur, wenn Zimmerer-, Dachdecker- und Innenausbauarbeiten Hand in Hand laufen. Wir \u00fcbernehmen&#8230;<\/p>\n<p> <a class=\"continue-reading-link\" href=\"https:\/\/architektweselmann.de\/?page_id=408\"><span>Continue reading<\/span><i class=\"crycon-right-dir\"><\/i><\/a> <\/p>\n","protected":false},"author":1,"featured_media":0,"parent":0,"menu_order":0,"comment_status":"closed","ping_status":"closed","template":"","meta":{"footnotes":""},"class_list":["post-408","page","type-page","status-publish","hentry"],"_links":{"self":[{"href":"https:\/\/architektweselmann.de\/index.php?rest_route=\/wp\/v2\/pages\/408","targetHints":{"allow":["GET"]}}],"collection":[{"href":"https:\/\/architektweselmann.de\/index.php?rest_route=\/wp\/v2\/pages"}],"about":[{"href":"https:\/\/architektweselmann.de\/index.php?rest_route=\/wp\/v2\/types\/page"}],"author":[{"embeddable":true,"href":"https:\/\/architektweselmann.de\/index.php?rest_route=\/wp\/v2\/users\/1"}],"replies":[{"embeddable":true,"href":"https:\/\/architektweselmann.de\/index.php?rest_route=%2Fwp%2Fv2%2Fcomments&post=408"}],"version-history":[{"count":7,"href":"https:\/\/architektweselmann.de\/index.php?rest_route=\/wp\/v2\/pages\/408\/revisions"}],"predecessor-version":[{"id":1709,"href":"https:\/\/architektweselmann.de\/index.php?rest_route=\/wp\/v2\/pages\/408\/revisions\/1709"}],"wp:attachment":[{"href":"https:\/\/architektweselmann.de\/index.php?rest_route=%2Fwp%2Fv2%2Fmedia&parent=408"}],"curies":[{"name":"wp","href":"https:\/\/api.w.org\/{rel}","templated":true}]}}