{"id":376,"date":"2021-11-07T18:22:21","date_gmt":"2021-11-07T17:22:21","guid":{"rendered":"http:\/\/dorotawp.bplaced.net\/?page_id=376"},"modified":"2021-12-07T21:12:28","modified_gmt":"2021-12-07T20:12:28","slug":"komplettloesungen","status":"publish","type":"page","link":"https:\/\/architektweselmann.de\/?page_id=376","title":{"rendered":"Komplettl\u00f6sungen"},"content":{"rendered":"\n<p class=\"has-black-color has-text-color has-background\" style=\"background-color:#9bc6b9\">Wir bieten Ihnen die individuelle sowie die komplette bauliche Ausf\u00fchrung Ihres neuen Hauses an. Um die genauen Bed\u00fcrfnisse, pers\u00f6nlichen W\u00fcnsche und Anforderungen Ihres Bauvorhabens genauestens kennen zu lernen, arbeiten wir von Anfang bis Ende eng mit Ihnen zusammen.<br>Sie erwarten Qualit\u00e4t, Zuverl\u00e4ssigkeit und Termintreue ohne Kompromisse? Durch unsere enge Kooperation mit allen Gewerken k\u00f6nnen Sie sich auf eine p\u00fcnktliche Ausf\u00fchrung verlassen.<br>Letztendlich bestimmen Sie den Preis durch Ihre eingebrachte Eigenleistung.<br><br>Dabei handelt es sich nicht nur um Neubauten, sondern auch um Umbauten, Anbauten, Sanierungen und dem energieeffizienten Modernisieren \u00e4lterer Geb\u00e4ude.<\/p>\n","protected":false},"excerpt":{"rendered":"<p>Wir bieten Ihnen die individuelle sowie die komplette bauliche Ausf\u00fchrung Ihres neuen Hauses an. Um die genauen Bed\u00fcrfnisse, pers\u00f6nlichen W\u00fcnsche und Anforderungen Ihres Bauvorhabens genauestens kennen zu lernen, arbeiten wir von Anfang bis Ende eng mit Ihnen zusammen.Sie erwarten Qualit\u00e4t, Zuverl\u00e4ssigkeit und Termintreue ohne Kompromisse? Durch unsere enge Kooperation mit&#8230;<\/p>\n<p> <a class=\"continue-reading-link\" href=\"https:\/\/architektweselmann.de\/?page_id=376\"><span>Continue reading<\/span><i class=\"crycon-right-dir\"><\/i><\/a> <\/p>\n","protected":false},"author":1,"featured_media":0,"parent":0,"menu_order":0,"comment_status":"closed","ping_status":"closed","template":"","meta":{"footnotes":""},"class_list":["post-376","page","type-page","status-publish","hentry"],"_links":{"self":[{"href":"https:\/\/architektweselmann.de\/index.php?rest_route=\/wp\/v2\/pages\/376","targetHints":{"allow":["GET"]}}],"collection":[{"href":"https:\/\/architektweselmann.de\/index.php?rest_route=\/wp\/v2\/pages"}],"about":[{"href":"https:\/\/architektweselmann.de\/index.php?rest_route=\/wp\/v2\/types\/page"}],"author":[{"embeddable":true,"href":"https:\/\/architektweselmann.de\/index.php?rest_route=\/wp\/v2\/users\/1"}],"replies":[{"embeddable":true,"href":"https:\/\/architektweselmann.de\/index.php?rest_route=%2Fwp%2Fv2%2Fcomments&post=376"}],"version-history":[{"count":8,"href":"https:\/\/architektweselmann.de\/index.php?rest_route=\/wp\/v2\/pages\/376\/revisions"}],"predecessor-version":[{"id":1710,"href":"https:\/\/architektweselmann.de\/index.php?rest_route=\/wp\/v2\/pages\/376\/revisions\/1710"}],"wp:attachment":[{"href":"https:\/\/architektweselmann.de\/index.php?rest_route=%2Fwp%2Fv2%2Fmedia&parent=376"}],"curies":[{"name":"wp","href":"https:\/\/api.w.org\/{rel}","templated":true}]}}