{"id":294,"date":"2021-11-05T23:46:59","date_gmt":"2021-11-05T22:46:59","guid":{"rendered":"http:\/\/dorotawp.bplaced.net\/?page_id=294"},"modified":"2021-12-07T22:37:33","modified_gmt":"2021-12-07T21:37:33","slug":"referenzen","status":"publish","type":"page","link":"https:\/\/architektweselmann.de\/?page_id=294","title":{"rendered":"Referenzen"},"content":{"rendered":"\n<p><\/p>\n\n\n\n<ul class=\"has-text-color has-background wp-block-list\" style=\"background-color:#9bc6b9;color:#272525\"><li>Fachwerkh\u00e4user <\/li><li>Anbauten und Aufstockungen von Ein- und Mehrfamilienh\u00e4usern<\/li><li>Sanierungen innen und au\u00dfen<\/li><li>W\u00e4rmeschutzsanierungen<\/li><li>Neubau von Ein- und Mehrfamilienh\u00e4usern<\/li><li>gewerblicher Bereich: mittelst\u00e4ndische Betriebe, Werkst\u00e4tten<\/li><\/ul>\n\n\n\n<p><\/p>\n","protected":false},"excerpt":{"rendered":"<p>Fachwerkh\u00e4user Anbauten und Aufstockungen von Ein- und Mehrfamilienh\u00e4usern Sanierungen innen und au\u00dfen W\u00e4rmeschutzsanierungen Neubau von Ein- und Mehrfamilienh\u00e4usern gewerblicher Bereich: mittelst\u00e4ndische Betriebe, Werkst\u00e4tten<\/p>\n<p> <a class=\"continue-reading-link\" href=\"https:\/\/architektweselmann.de\/?page_id=294\"><span>Continue reading<\/span><i class=\"crycon-right-dir\"><\/i><\/a> <\/p>\n","protected":false},"author":1,"featured_media":0,"parent":0,"menu_order":4,"comment_status":"closed","ping_status":"closed","template":"","meta":{"footnotes":""},"class_list":["post-294","page","type-page","status-publish","hentry"],"_links":{"self":[{"href":"https:\/\/architektweselmann.de\/index.php?rest_route=\/wp\/v2\/pages\/294","targetHints":{"allow":["GET"]}}],"collection":[{"href":"https:\/\/architektweselmann.de\/index.php?rest_route=\/wp\/v2\/pages"}],"about":[{"href":"https:\/\/architektweselmann.de\/index.php?rest_route=\/wp\/v2\/types\/page"}],"author":[{"embeddable":true,"href":"https:\/\/architektweselmann.de\/index.php?rest_route=\/wp\/v2\/users\/1"}],"replies":[{"embeddable":true,"href":"https:\/\/architektweselmann.de\/index.php?rest_route=%2Fwp%2Fv2%2Fcomments&post=294"}],"version-history":[{"count":8,"href":"https:\/\/architektweselmann.de\/index.php?rest_route=\/wp\/v2\/pages\/294\/revisions"}],"predecessor-version":[{"id":1738,"href":"https:\/\/architektweselmann.de\/index.php?rest_route=\/wp\/v2\/pages\/294\/revisions\/1738"}],"wp:attachment":[{"href":"https:\/\/architektweselmann.de\/index.php?rest_route=%2Fwp%2Fv2%2Fmedia&parent=294"}],"curies":[{"name":"wp","href":"https:\/\/api.w.org\/{rel}","templated":true}]}}