{"id":270,"date":"2021-11-05T22:55:20","date_gmt":"2021-11-05T21:55:20","guid":{"rendered":"http:\/\/dorotawp.bplaced.net\/?page_id=270"},"modified":"2022-01-10T14:30:56","modified_gmt":"2022-01-10T13:30:56","slug":"willkommen-2","status":"publish","type":"page","link":"https:\/\/architektweselmann.de\/","title":{"rendered":"Willkommen"},"content":{"rendered":"\n<div class=\"wp-block-group\"><div class=\"wp-block-group__inner-container is-layout-flow wp-block-group-is-layout-flow\"><\/div><\/div>\n\n\n\n<p><\/p>\n\n\n\n<p class=\"has-text-color has-background has-medium-font-size\" style=\"background-color:#9bc6b9;color:#272525\"><strong>Herzlich Willkommen<\/strong> auf der Internetseite von <strong>Architekt Weselmann <\/strong>in der Nordheide &#8211; einem innovativen und kompetenten Partner, der Sie in Ihren individuellen Bed\u00fcrfnissen und je nach Ihren finanziellen M\u00f6glichkeiten , bei Ihrem Bauvorhaben von Anfang an begleitet. <\/p>\n\n\n\n<p><\/p>\n\n\n\n<p class=\"has-text-color has-background has-medium-font-size\" style=\"background-color:#e3c77a;color:#272525\"><strong>Mit uns<\/strong> k\u00f6nnen Sie ein Geb\u00e4ude bauen umbauen, eine Wohnung umgestalten oder Altbauten sanieren. Wir sind selbstverst\u00e4ndlich auch im gewerblichen Bereich erfolgreich t\u00e4tig, Gemeinsam mit den regional ans\u00e4ssigen Handwerksbetrieben bieten wir Ihnen ein breites Spektrum an M\u00f6glichkeiten der Beratung und Zusammenarbeit, um alle Fragen rund um das Bauen zu l\u00f6sen und vor allem, um Ihre pers\u00f6nlichen Vorstellungen <strong>kosten- und energieg\u00fcnstig, \u00f6kologisch und in h\u00f6chster Qualit\u00e4t <\/strong>umzusetzen. <\/p>\n\n\n\n<p class=\"has-text-color has-background has-medium-font-size\" style=\"background-color:#9bc6b9;color:#272525\"><strong>Kompetenz z\u00e4hlt&#8230;<br><\/strong>Wir sind ihr qualifizierter Partner f\u00fcr schl\u00fcsselfertiges Bauen.  Dabei werden wir Ihnen vom ersten Gespr\u00e4ch, \u00fcber die Planung bis zur Schl\u00fcssel\u00fcbergabe mit Rat und Tat zur Seite stehen. Insbesondere Privatpersonen wird ein umfangreicher Service angeboten. <br><strong>Kompetenter Service  f\u00fcr entspanntes Bauen!<\/strong><\/p>\n\n\n\n<div class=\"wp-block-columns is-layout-flex wp-container-core-columns-is-layout-9d6595d7 wp-block-columns-is-layout-flex\">\n<div class=\"wp-block-column is-layout-flow wp-block-column-is-layout-flow\"><\/div>\n<\/div>\n\n\n\n<div class=\"wp-block-columns is-layout-flex wp-container-core-columns-is-layout-9d6595d7 wp-block-columns-is-layout-flex\">\n<div class=\"wp-block-column is-layout-flow wp-block-column-is-layout-flow\">\n<div class=\"wp-block-columns is-layout-flex wp-container-core-columns-is-layout-9d6595d7 wp-block-columns-is-layout-flex\">\n<div class=\"wp-block-column has-text-color is-layout-flow wp-block-column-is-layout-flow\" style=\"color:#0b823d\">\n<p class=\"has-text-color\" style=\"color:#33cd94;font-size:15px\"><span style=\"color:#272525\" class=\"has-inline-color\"><strong>Ulrich Weselmann<br>Dipl. Ing. Architekt<br>Wischenstieg 3a<br>21376 L\u00fcbberstedt<\/strong><\/span><\/p>\n<\/div>\n\n\n\n<div class=\"wp-block-column is-layout-flow wp-block-column-is-layout-flow\">\n<p class=\"has-black-color has-text-color\" style=\"font-size:15px\"><strong><span style=\"color:#272525\" class=\"has-inline-color\">Tel. 0 41 75 &#8211; 84 26 13<br>Mobil 0173 6424672 <\/span><\/strong><\/p>\n<\/div>\n\n\n\n<div class=\"wp-block-column is-layout-flow wp-block-column-is-layout-flow\">\n<p class=\"has-text-align-left has-black-color has-text-color\" style=\"font-size:15px\"><span style=\"color:#272525\" class=\"has-inline-color\"><strong>Email:<\/strong> <strong>ulrichweselmann@ewe.net<\/strong>  <\/span><\/p>\n\n\n\n<p class=\"has-text-align-left has-black-color has-text-color\" style=\"font-size:18px\"><\/p>\n<\/div>\n<\/div>\n<\/div>\n<\/div>\n\n\n\n<ul class=\"wp-block-social-links has-normal-icon-size is-style-default is-layout-flex wp-block-social-links-is-layout-flex\"><li class=\"wp-social-link wp-social-link-instagram  wp-block-social-link\"><a href=\"https:\/\/www.instagram.com\/ulrichweselmann\" class=\"wp-block-social-link-anchor\"><svg width=\"24\" height=\"24\" viewBox=\"0 0 24 24\" version=\"1.1\" xmlns=\"http:\/\/www.w3.org\/2000\/svg\" aria-hidden=\"true\" focusable=\"false\"><path d=\"M12,4.622c2.403,0,2.688,0.009,3.637,0.052c0.877,0.04,1.354,0.187,1.671,0.31c0.42,0.163,0.72,0.358,1.035,0.673 c0.315,0.315,0.51,0.615,0.673,1.035c0.123,0.317,0.27,0.794,0.31,1.671c0.043,0.949,0.052,1.234,0.052,3.637 s-0.009,2.688-0.052,3.637c-0.04,0.877-0.187,1.354-0.31,1.671c-0.163,0.42-0.358,0.72-0.673,1.035 c-0.315,0.315-0.615,0.51-1.035,0.673c-0.317,0.123-0.794,0.27-1.671,0.31c-0.949,0.043-1.233,0.052-3.637,0.052 s-2.688-0.009-3.637-0.052c-0.877-0.04-1.354-0.187-1.671-0.31c-0.42-0.163-0.72-0.358-1.035-0.673 c-0.315-0.315-0.51-0.615-0.673-1.035c-0.123-0.317-0.27-0.794-0.31-1.671C4.631,14.688,4.622,14.403,4.622,12 s0.009-2.688,0.052-3.637c0.04-0.877,0.187-1.354,0.31-1.671c0.163-0.42,0.358-0.72,0.673-1.035 c0.315-0.315,0.615-0.51,1.035-0.673c0.317-0.123,0.794-0.27,1.671-0.31C9.312,4.631,9.597,4.622,12,4.622 M12,3 C9.556,3,9.249,3.01,8.289,3.054C7.331,3.098,6.677,3.25,6.105,3.472C5.513,3.702,5.011,4.01,4.511,4.511 c-0.5,0.5-0.808,1.002-1.038,1.594C3.25,6.677,3.098,7.331,3.054,8.289C3.01,9.249,3,9.556,3,12c0,2.444,0.01,2.751,0.054,3.711 c0.044,0.958,0.196,1.612,0.418,2.185c0.23,0.592,0.538,1.094,1.038,1.594c0.5,0.5,1.002,0.808,1.594,1.038 c0.572,0.222,1.227,0.375,2.185,0.418C9.249,20.99,9.556,21,12,21s2.751-0.01,3.711-0.054c0.958-0.044,1.612-0.196,2.185-0.418 c0.592-0.23,1.094-0.538,1.594-1.038c0.5-0.5,0.808-1.002,1.038-1.594c0.222-0.572,0.375-1.227,0.418-2.185 C20.99,14.751,21,14.444,21,12s-0.01-2.751-0.054-3.711c-0.044-0.958-0.196-1.612-0.418-2.185c-0.23-0.592-0.538-1.094-1.038-1.594 c-0.5-0.5-1.002-0.808-1.594-1.038c-0.572-0.222-1.227-0.375-2.185-0.418C14.751,3.01,14.444,3,12,3L12,3z M12,7.378 c-2.552,0-4.622,2.069-4.622,4.622S9.448,16.622,12,16.622s4.622-2.069,4.622-4.622S14.552,7.378,12,7.378z M12,15 c-1.657,0-3-1.343-3-3s1.343-3,3-3s3,1.343,3,3S13.657,15,12,15z M16.804,6.116c-0.596,0-1.08,0.484-1.08,1.08 s0.484,1.08,1.08,1.08c0.596,0,1.08-0.484,1.08-1.08S17.401,6.116,16.804,6.116z\"><\/path><\/svg><span class=\"wp-block-social-link-label screen-reader-text\">Instagram<\/span><\/a><\/li>\n\n<\/ul>\n\n\n\n<p><\/p>\n","protected":false},"excerpt":{"rendered":"<p>Herzlich Willkommen auf der Internetseite von Architekt Weselmann in der Nordheide &#8211; einem innovativen und kompetenten Partner, der Sie in Ihren individuellen Bed\u00fcrfnissen und je nach Ihren finanziellen M\u00f6glichkeiten , bei Ihrem Bauvorhaben von Anfang an begleitet. Mit uns k\u00f6nnen Sie ein Geb\u00e4ude bauen umbauen, eine Wohnung umgestalten oder Altbauten&#8230;<\/p>\n<p> <a class=\"continue-reading-link\" href=\"https:\/\/architektweselmann.de\/\"><span>Continue reading<\/span><i class=\"crycon-right-dir\"><\/i><\/a> <\/p>\n","protected":false},"author":1,"featured_media":0,"parent":0,"menu_order":1,"comment_status":"closed","ping_status":"closed","template":"","meta":{"footnotes":""},"class_list":["post-270","page","type-page","status-publish","hentry"],"_links":{"self":[{"href":"https:\/\/architektweselmann.de\/index.php?rest_route=\/wp\/v2\/pages\/270","targetHints":{"allow":["GET"]}}],"collection":[{"href":"https:\/\/architektweselmann.de\/index.php?rest_route=\/wp\/v2\/pages"}],"about":[{"href":"https:\/\/architektweselmann.de\/index.php?rest_route=\/wp\/v2\/types\/page"}],"author":[{"embeddable":true,"href":"https:\/\/architektweselmann.de\/index.php?rest_route=\/wp\/v2\/users\/1"}],"replies":[{"embeddable":true,"href":"https:\/\/architektweselmann.de\/index.php?rest_route=%2Fwp%2Fv2%2Fcomments&post=270"}],"version-history":[{"count":76,"href":"https:\/\/architektweselmann.de\/index.php?rest_route=\/wp\/v2\/pages\/270\/revisions"}],"predecessor-version":[{"id":1756,"href":"https:\/\/architektweselmann.de\/index.php?rest_route=\/wp\/v2\/pages\/270\/revisions\/1756"}],"wp:attachment":[{"href":"https:\/\/architektweselmann.de\/index.php?rest_route=%2Fwp%2Fv2%2Fmedia&parent=270"}],"curies":[{"name":"wp","href":"https:\/\/api.w.org\/{rel}","templated":true}]}}