{"id":1533,"date":"2021-12-04T14:46:28","date_gmt":"2021-12-04T13:46:28","guid":{"rendered":"http:\/\/architekt.weselmann.bplaced.net\/?page_id=1533"},"modified":"2021-12-07T21:24:35","modified_gmt":"2021-12-07T20:24:35","slug":"was-macht-einen-architekten-aus","status":"publish","type":"page","link":"https:\/\/architektweselmann.de\/?page_id=1533","title":{"rendered":"Was macht einen Architekten aus?"},"content":{"rendered":"\n<p><\/p>\n\n\n\n<div class=\"wp-block-media-text alignwide is-stacked-on-mobile has-text-color has-background\" style=\"background-color:#9bc6b9;color:#272525;grid-template-columns:47% auto\"><figure class=\"wp-block-media-text__media\"><img loading=\"lazy\" decoding=\"async\" width=\"1920\" height=\"1280\" src=\"https:\/\/architektweselmann.de\/wp-content\/uploads\/2021\/12\/architecture-g85c62e9f2_1920-1.jpg\" alt=\"\" class=\"wp-image-1626 size-full\" srcset=\"https:\/\/architektweselmann.de\/wp-content\/uploads\/2021\/12\/architecture-g85c62e9f2_1920-1.jpg 1920w, https:\/\/architektweselmann.de\/wp-content\/uploads\/2021\/12\/architecture-g85c62e9f2_1920-1-300x200.jpg 300w, https:\/\/architektweselmann.de\/wp-content\/uploads\/2021\/12\/architecture-g85c62e9f2_1920-1-1024x683.jpg 1024w, https:\/\/architektweselmann.de\/wp-content\/uploads\/2021\/12\/architecture-g85c62e9f2_1920-1-768x512.jpg 768w, https:\/\/architektweselmann.de\/wp-content\/uploads\/2021\/12\/architecture-g85c62e9f2_1920-1-1536x1024.jpg 1536w, https:\/\/architektweselmann.de\/wp-content\/uploads\/2021\/12\/architecture-g85c62e9f2_1920-1-150x100.jpg 150w\" sizes=\"auto, (max-width: 1920px) 100vw, 1920px\" \/><\/figure><div class=\"wp-block-media-text__content\">\n<p style=\"font-size:15px\">Der Architekt steht als kompetenter Vertreter des Bauherren der bauausf\u00fchrenden Firma gegen\u00fcber und stellt dem Bauherren sicher, dass alle Belange, W\u00fcnsche und Anforderungen des Bauobjektes umgesetzt werden, dass die Baukosten das geplante Budget einhalten, der Ausf\u00fchrungszeitraum den geplanten Bauablaufplan nicht \u00fcberschreiten und das Bauvorhaben in der Art und Ausf\u00fchrung\u00a0 eingehalten wird, wie es anfangs geplant war.<strong> <\/strong><\/p>\n<\/div><\/div>\n\n\n\n<p class=\"has-text-color has-medium-font-size\" style=\"color:#1b532c\"><br><strong>Die umf\u00e4nglichen Leistungen eines Architekten stellen sich folgenderma\u00dfen dar: <br><\/strong><\/p>\n\n\n\n<ul class=\"has-text-color has-normal-font-size wp-block-list\" style=\"color:#272525\"><li>Die zu erwartenden Anforderungen des Bauvorhabens herauskristallisieren<\/li><li>Erste Entwurfsskizzen mit grober Kostensch\u00e4tzung<\/li><li>Konkreter Entwurf im Ma\u00dfstab 1: 100 mit Fotorealistischer Darstellung\/ Visualisierung<\/li><li>Genehmigungsplanung unter Ber\u00fccksichtigung der Baugesetzgebungen und<br>&nbsp;Baunutzungsverordnungen etc. der jeweiligen Bundesl\u00e4nder<\/li><li>Genehmigungsplanung unter Ber\u00fccksichtigung der Baugesetzgebungen und<br>&nbsp; Baunutzungsverordnungen etc. der jeweiligen Bundesl\u00e4nder<\/li><li>Ausf\u00fchrungsplanung im Ma\u00dfstab 1:50\/ 20 mit genaueren Detaill\u00f6sungen unter Ber\u00fccksichtigung der statischen Dimensionierungen der Konstruktionen<\/li><li>Leistungsbeschreibungen und Ermittlung der Massen aller geplanten Bauausf\u00fchrungen einschl. Sch\u00e4tzungen der zu erwartenden Kosten im Vergleich zum Baukostenbudget.<br>&nbsp;Bauzeitenablaufplanung als grobes Vorgabenziel und Vergleich zur tats\u00e4chlichen sp\u00e4teren<br>&nbsp;Bauablaufzeit<\/li><li>Angebotsaufforderungen an Baufirmen aller Gewerke<\/li><li>Einholung und Pr\u00fcfung der Angebote, Erstellung von Preisspiegeln.<br>&nbsp;Auftragsvergabe der Gewerke, Bauvertragsgestaltung<\/li><li>Baustart: Bau\u00fcberwachung, zeitliche Abstimmung der Firmen, Abstellen von M\u00e4ngeln<\/li><li>Pr\u00fcfungen der Abschlagsrechnungen, Freigabe der Zahlungsaufforderungen<\/li><li>Einhaltung der Gew\u00e4hrleistungsanspr\u00fcche<\/li><\/ul>\n\n\n\n<p><\/p>\n\n\n\n<p class=\"has-text-color has-background has-normal-font-size\" style=\"background-color:#9bc6b9;color:#272525\">M\u00f6chten Sie als Bauherr sicherstellen, dass alle relevanten Prozesse des Bauprojekts aus einer Hand realisiert werden, vergeben Sie alle Leistungsphasen 1 bis 9 an unser Architekturb\u00fcro. Wir \u00fcbernehmen somit einerseits die Planung, sowie andererseits die Bauleitung des Projekts.&nbsp;<\/p>\n\n\n\n<p class=\"has-text-color has-background has-normal-font-size\" style=\"background-color:#9bc6b9;color:#272525\">Sie als Auftraggeber\/ Bauherr profitieren dabei von einer deutlich einfacheren Koordination. Sie haben einen Ansprechpartner, an den Sie sich bei allen Belangen wenden k\u00f6nnen \u2013 und, den er bei Problemen in die Mangel nehmen kann. Der entscheidende Vorteil f\u00fcr Sie als Bauherr: Sie behalten den \u00dcberblick \u00fcber den Bauprozess und werden nicht von komplizierten Abstimmungsprozessen aufgehalten. Dabei sind nahezu alle Kernkompetenzen an uns als Architekten gefragt: von der Entwurfsplanung \u00fcber die Koordination aller Beteiligten bis hin zur Bau\u00fcberwachung. &nbsp;<\/p>\n\n\n\n<p class=\"has-text-color has-background has-normal-font-size\" style=\"background-color:#9bc6b9;color:#272525\">In der Funktion des bauleitenden Architekten liegt auch die Dokumentation der Bauausf\u00fchrung in unserer Hand. Kommt es zu Problemen oder St\u00f6rungen im Bauablauf, stehen wir im Fokus der Aufmerksamkeit und m\u00fcssen die Verantwortung \u00fcbernehmen.<\/p>\n","protected":false},"excerpt":{"rendered":"<p>Der Architekt steht als kompetenter Vertreter des Bauherren der bauausf\u00fchrenden Firma gegen\u00fcber und stellt dem Bauherren sicher, dass alle Belange, W\u00fcnsche und Anforderungen des Bauobjektes umgesetzt werden, dass die Baukosten das geplante Budget einhalten, der Ausf\u00fchrungszeitraum den geplanten Bauablaufplan nicht \u00fcberschreiten und das Bauvorhaben in der Art und Ausf\u00fchrung\u00a0 eingehalten&#8230;<\/p>\n<p> <a class=\"continue-reading-link\" href=\"https:\/\/architektweselmann.de\/?page_id=1533\"><span>Continue reading<\/span><i class=\"crycon-right-dir\"><\/i><\/a> <\/p>\n","protected":false},"author":1,"featured_media":0,"parent":0,"menu_order":0,"comment_status":"closed","ping_status":"closed","template":"","meta":{"footnotes":""},"class_list":["post-1533","page","type-page","status-publish","hentry"],"_links":{"self":[{"href":"https:\/\/architektweselmann.de\/index.php?rest_route=\/wp\/v2\/pages\/1533","targetHints":{"allow":["GET"]}}],"collection":[{"href":"https:\/\/architektweselmann.de\/index.php?rest_route=\/wp\/v2\/pages"}],"about":[{"href":"https:\/\/architektweselmann.de\/index.php?rest_route=\/wp\/v2\/types\/page"}],"author":[{"embeddable":true,"href":"https:\/\/architektweselmann.de\/index.php?rest_route=\/wp\/v2\/users\/1"}],"replies":[{"embeddable":true,"href":"https:\/\/architektweselmann.de\/index.php?rest_route=%2Fwp%2Fv2%2Fcomments&post=1533"}],"version-history":[{"count":22,"href":"https:\/\/architektweselmann.de\/index.php?rest_route=\/wp\/v2\/pages\/1533\/revisions"}],"predecessor-version":[{"id":1719,"href":"https:\/\/architektweselmann.de\/index.php?rest_route=\/wp\/v2\/pages\/1533\/revisions\/1719"}],"wp:attachment":[{"href":"https:\/\/architektweselmann.de\/index.php?rest_route=%2Fwp%2Fv2%2Fmedia&parent=1533"}],"curies":[{"name":"wp","href":"https:\/\/api.w.org\/{rel}","templated":true}]}}